{"id":9,"date":"2025-11-07T15:00:10","date_gmt":"2025-11-07T15:00:10","guid":{"rendered":"https:\/\/apartmentsmare.com\/?page_id=9"},"modified":"2026-01-08T22:42:52","modified_gmt":"2026-01-08T22:42:52","slug":"home","status":"publish","type":"page","link":"https:\/\/apartmentsmare.com\/hr\/","title":{"rendered":"Dom"},"content":{"rendered":"<div class=\"wp-block-uagb-container uagb-block-477a0fc4 alignfull uagb-is-root-container\"><div class=\"uagb-container-inner-blocks-wrap\">\n<div class=\"wp-block-uagb-info-box uagb-block-57834711 uagb-infobox__content-wrap  uagb-infobox-icon-above-title uagb-infobox-image-valign-top wp-block-uagb-info-box--has-margin\"><div class=\"uagb-infobox-margin-wrapper\"><div class=\"uagb-ifb-content\"><div class=\"uagb-ifb-title-wrap\"><span class=\"uagb-ifb-title-prefix\">Do\u017eivite obalni u\u017eitak<\/span><h1 class=\"uagb-ifb-title\">Otkrijte opu\u0161taju\u0107i odmor u Apartmanima Mare u Puntu<\/h1><\/div><p class=\"uagb-ifb-desc\">U\u017eivajte u modernim sadr\u017eajima, prekrasnim pogledima i iznimnom gostoprimstvu u slikovitom selu Punat na otoku Krku.<\/p><\/div><\/div><\/div>\n\n\n\n<div class=\"wp-block-uagb-buttons uagb-buttons__outer-wrap uagb-btn__default-btn uagb-btn-tablet__default-btn uagb-btn-mobile__default-btn uagb-block-a9873600\"><div class=\"uagb-buttons__wrap uagb-buttons-layout-wrap\">\n<div class=\"wp-block-uagb-buttons-child uagb-buttons__outer-wrap uagb-block-60e0eaf1 wp-block-button\"><div class=\"uagb-button__wrapper\"><a class=\"uagb-buttons-repeater wp-block-button__link\" aria-label=\"\" href=\"#booking\" rel=\"follow noopener\" target=\"_self\" role=\"button\"><div class=\"uagb-button__link\">Rezerviraj sada<\/div><\/a><\/div><\/div>\n<\/div><\/div>\n<\/div><\/div>\n\n\n\n<div class=\"wp-block-uagb-container uagb-block-a3b9b3f0 alignfull uagb-is-root-container\"><div class=\"uagb-container-inner-blocks-wrap\">\n<div class=\"wp-block-uagb-container uagb-block-18c4d01f alignfull uagb-is-root-container\"><div class=\"uagb-container-inner-blocks-wrap\">\n<div class=\"wp-block-uagb-container uagb-block-1e188bd9\">\n<div class=\"wp-block-group is-vertical is-content-justification-stretch is-layout-flex wp-container-core-group-is-layout-353c4f5a wp-block-group-is-layout-flex\">\n<div class=\"wp-block-uagb-container uagb-block-9eb0b039\">\n<div class=\"wp-block-uagb-advanced-heading uagb-block-53fee8c3\"><h2 class=\"uagb-heading-text\">02<\/h2><\/div>\n\n\n\n<div class=\"wp-block-uagb-advanced-heading uagb-block-b4d86aa0\"><h3 class=\"uagb-heading-text\"><strong>Apartman s jednom spava\u0107om sobom<\/strong><\/h3><p class=\"uagb-desc-text\">Svijetao i prostran jednosoban stan dizajniran za udobnost i opu\u0161tanje. Idealan za parove ili male obitelji koje \u017eele dodatnu privatnost i osje\u0107aj doma.<\/p><\/div>\n<\/div>\n<\/div>\n<\/div>\n\n\n\n<div class=\"wp-block-uagb-container uagb-block-3f241b81\">\n<div class=\"wp-block-uagb-container uagb-block-935735f3\"><p><a id=\"booking\"><\/a><\/p>\n\n\n\n<div class=\"wp-block-uagb-advanced-heading uagb-block-2d471706\"><h2 class=\"uagb-heading-text\">01<\/h2><\/div>\n\n\n\n<div class=\"wp-block-uagb-advanced-heading uagb-block-0c624269\"><h3 class=\"uagb-heading-text\">Apartman u prizemlju<\/h3><p class=\"uagb-desc-text\">Ugodan i komforan apartman u prizemlju s direktnim pristupom vrtu. Idealan za obitelji ili parove koji tra\u017ee laku dostupnost i mirnu atmosferu za odmor.<\/p><\/div>\n<\/div>\n<\/div>\n<\/div><\/div>\n\n\n\n<div class=\"wp-block-uagb-container uagb-block-baf0fc23 alignfull uagb-is-root-container\"><div class=\"uagb-container-inner-blocks-wrap\">\n<div class=\"wp-block-uagb-container uagb-block-2328bafa\">\n<div class=\"wp-block-group is-vertical is-content-justification-stretch is-layout-flex wp-container-core-group-is-layout-353c4f5a wp-block-group-is-layout-flex\">\n<div class=\"wp-block-uagb-container uagb-block-3b66e816\">\n<div class=\"wp-block-uagb-advanced-heading uagb-block-d6652070\"><h2 class=\"uagb-heading-text\">04<\/h2><\/div>\n\n\n\n<div class=\"wp-block-uagb-advanced-heading uagb-block-e877b392\"><h3 class=\"uagb-heading-text\"><strong><strong><strong>Apartman s dvije spava\u0107e sobe<\/strong><\/strong><\/strong><\/h3><p class=\"uagb-desc-text\">Veliki i ugodan apartman s dvije spava\u0107e sobe idealan za obitelji ili grupe. U\u017eivajte u obilju prostora, prirodnog svjetla i svim udobnostima potrebnim za opu\u0161taju\u0107i odmor na moru.<\/p><\/div>\n<\/div>\n<\/div>\n<\/div>\n\n\n\n<div class=\"wp-block-uagb-container uagb-block-b95f9041\">\n<div class=\"wp-block-uagb-container uagb-block-8adacad6\">\n<div class=\"wp-block-uagb-advanced-heading uagb-block-ad37afe9\"><h2 class=\"uagb-heading-text\">03<\/h2><\/div>\n\n\n\n<div class=\"wp-block-uagb-advanced-heading uagb-block-ea8146a8\"><h3 class=\"uagb-heading-text\"><strong><strong>Studio apartman<\/strong><\/strong><\/h3><p class=\"uagb-desc-text\">Moderan, kompaktan studio koji nudi sve \u0161to vam je potrebno za ugodan boravak. Izvrstan izbor za solo putnike ili parove koji preferiraju elegantan, minimalisti\u010dki prostor u blizini svih sadr\u017eaja.<\/p><\/div>\n<\/div>\n<\/div>\n<\/div><\/div>\n\n\n\n<div class=\"wp-block-uagb-buttons uagb-buttons__outer-wrap uagb-btn__default-btn uagb-btn-tablet__default-btn uagb-btn-mobile__default-btn uagb-block-02a55f95\"><div class=\"uagb-buttons__wrap uagb-buttons-layout-wrap\">\n<div class=\"wp-block-uagb-buttons-child uagb-buttons__outer-wrap uagb-block-2308c833 wp-block-button\"><div class=\"uagb-button__wrapper\"><a class=\"uagb-buttons-repeater wp-block-button__link\" aria-label=\"\" href=\"\/hr\/contact\/\" rel=\"follow noopener\" target=\"_self\" role=\"button\"><div class=\"uagb-button__link\">Rezervirajte svoj boravak<\/div><\/a><\/div><\/div>\n<\/div><\/div>\n<\/div><\/div>\n\n\n\n<div class=\"wp-block-uagb-container uagb-layout-flex uagb-block-b3f37bc6 alignfull uagb-is-root-container\"><div class=\"uagb-container-inner-blocks-wrap\">\n<div class=\"wp-block-uagb-advanced-heading uagb-block-718b66ce\"><div class=\"uagb-separator\"><\/div><h2 class=\"uagb-heading-text\">Pri\u010da o apartmanima Mare<\/h2><\/div>\n\n\n\n<div class=\"wp-block-uagb-container uagb-block-47d37494\">\n<div class=\"wp-block-uagb-container uag-blocks-common-selector uagb-block-0f8ffb48\">\n<div class=\"wp-block-uagb-info-box uagb-block-2820b85d uagb-infobox__content-wrap  uagb-infobox-icon-above-title uagb-infobox-image-valign-top\"><div class=\"uagb-ifb-content\"><div class=\"uagb-ifb-title-wrap\"><span class=\"uagb-ifb-title-prefix\">Na\u0161e putovanje<\/span><h3 class=\"uagb-ifb-title\">Istra\u017eite \u0161arm apartmana Mare<\/h3><\/div><p class=\"uagb-ifb-desc\">Nedavno otvoren kratkoro\u010dni najam koji nudi udobnost i gostoprimstvo u mirnom obalnom okru\u017eenju.<\/p><\/div><\/div>\n\n\n\n<div class=\"wp-block-uagb-container uagb-block-039bcabb\">\n<div class=\"wp-block-uagb-buttons uagb-buttons__outer-wrap uagb-btn__default-btn uagb-btn-tablet__default-btn uagb-btn-mobile__default-btn uagb-block-b7c9e4fc\"><div class=\"uagb-buttons__wrap uagb-buttons-layout-wrap\">\n<div class=\"wp-block-uagb-buttons-child uagb-buttons__outer-wrap uagb-block-00ae0751 wp-block-button\"><div class=\"uagb-button__wrapper\"><a class=\"uagb-buttons-repeater wp-block-button__link\" aria-label=\"\" href=\"\/hr\/about\/\" rel=\"follow noopener\" target=\"_self\" role=\"button\"><div class=\"uagb-button__link\">SAZNAJTE VI\u0160E<\/div><\/a><\/div><\/div>\n<\/div><\/div>\n<\/div>\n<\/div>\n\n\n\n<div class=\"wp-block-uagb-container uagb-block-4ad04907\">\n<div class=\"wp-block-uagb-image alignleft uagb-block-1cd7c803 wp-block-uagb-image--layout-default wp-block-uagb-image--effect-static wp-block-uagb-image--align-left\"><figure class=\"wp-block-uagb-image__figure\"><img decoding=\"async\" srcset=\"https:\/\/apartmentsmare.com\/wp-content\/uploads\/2025\/11\/255569980.jpg ,https:\/\/apartmentsmare.com\/wp-content\/uploads\/2025\/11\/255569980.jpg 780w, https:\/\/apartmentsmare.com\/wp-content\/uploads\/2025\/11\/255569980.jpg 360w\" sizes=\"auto, (max-width: 480px) 150px\" src=\"https:\/\/apartmentsmare.com\/wp-content\/uploads\/2025\/11\/255569980.jpg\" alt=\"255569980\" class=\"uag-image-2431\" width=\"281\" height=\"431\" title=\"255569980\" loading=\"lazy\" role=\"img\"\/><\/figure><\/div>\n\n\n\n<div class=\"wp-block-uagb-image alignleft uagb-block-4573c1e2 wp-block-uagb-image--layout-default wp-block-uagb-image--effect-static wp-block-uagb-image--align-left\"><figure class=\"wp-block-uagb-image__figure\"><img decoding=\"async\" srcset=\"https:\/\/apartmentsmare.com\/wp-content\/uploads\/2025\/11\/555364221.jpg ,https:\/\/apartmentsmare.com\/wp-content\/uploads\/2025\/11\/555364221.jpg 780w, https:\/\/apartmentsmare.com\/wp-content\/uploads\/2025\/11\/555364221.jpg 360w\" sizes=\"auto, (max-width: 480px) 150px\" src=\"https:\/\/apartmentsmare.com\/wp-content\/uploads\/2025\/11\/555364221.jpg\" alt=\"555364221\" class=\"uag-image-2443\" width=\"228\" height=\"332\" title=\"555364221\" loading=\"lazy\" role=\"img\"\/><\/figure><\/div>\n<\/div>\n<\/div>\n<\/div><\/div>\n\n\n\n<div class=\"wp-block-uagb-container uagb-block-258278ba alignfull uagb-is-root-container\"><div class=\"uagb-container-inner-blocks-wrap\">\n<div class=\"wp-block-uagb-container uagb-block-03c33b36 alignfull uagb-is-root-container\"><div class=\"uagb-container-inner-blocks-wrap\">\n<div class=\"wp-block-uagb-container uagb-block-1a29e84d\">\n<div class=\"wp-block-uagb-info-box uagb-block-c9870568 uagb-infobox__content-wrap  uagb-infobox-icon-above-title uagb-infobox-image-valign-top\"><div class=\"uagb-ifb-content\"><div class=\"uagb-ifb-title-wrap\"><span class=\"uagb-ifb-title-prefix\">Va\u0161 savr\u0161eni bijeg<\/span><h3 class=\"uagb-ifb-title\">Do\u017eivite mir i ljepotu otoka Krka<\/h3><\/div><\/div><\/div>\n\n\n\n<div class=\"wp-block-uagb-buttons uagb-buttons__outer-wrap uagb-btn__default-btn uagb-btn-tablet__default-btn uagb-btn-mobile__default-btn uagb-block-4a84e725\"><div class=\"uagb-buttons__wrap uagb-buttons-layout-wrap\">\n<div class=\"wp-block-uagb-buttons-child uagb-buttons__outer-wrap uagb-block-c72bb69a wp-block-button\"><div class=\"uagb-button__wrapper\"><a class=\"uagb-buttons-repeater ast-outline-button\" aria-label=\"\" style=\"border-width:revert-layer\" href=\"\/hr\/contact\/\" rel=\"follow noopener\" target=\"_self\" role=\"button\"><div class=\"uagb-button__link\">Rezervirajte svoj boravak<\/div><\/a><\/div><\/div>\n<\/div><\/div>\n<\/div>\n<\/div><\/div>\n<\/div><\/div>\n\n\n\n<div class=\"wp-block-uagb-container uagb-block-2124acfe alignfull uagb-is-root-container\"><div class=\"uagb-container-inner-blocks-wrap\">\n<div class=\"wp-block-uagb-container uagb-block-9dce9a7e\">\n<div class=\"wp-block-uagb-info-box uagb-block-5fd45856 uagb-infobox__content-wrap  uagb-infobox-icon-above-title uagb-infobox-image-valign-top wp-block-uagb-info-box--has-margin\"><div class=\"uagb-infobox-margin-wrapper\"><div class=\"uagb-ifb-content\"><div class=\"uagb-ifb-title-wrap\"><span class=\"uagb-ifb-title-prefix\">Za\u0161to odabrati nas?<\/span><h3 class=\"uagb-ifb-title\">Neusporediva iskustva gostiju<\/h3><\/div><\/div><\/div><\/div>\n\n\n\n<div class=\"wp-block-uagb-advanced-heading uagb-block-fd4f4bb7\"><h4 class=\"uagb-heading-text\">Zadovoljstvo gostiju nam je prioritet uz personaliziranu uslugu, prekrasan pogled i mirno okru\u017eenje.<\/h4><\/div>\n\n\n\n<div class=\"wp-block-uagb-icon-list uagb-block-5ae92a72\"><div class=\"uagb-icon-list__wrap\">\n<div class=\"wp-block-uagb-icon-list-child uagb-block-ae8a85a2\"><span class=\"uagb-icon-list__source-wrap\"><svg xmlns=\"https:\/\/www.w3.org\/2000\/svg\" viewbox=\"0 0 320 512\"><path d=\"M96 480c-8.188 0-16.38-3.125-22.62-9.375c-12.5-12.5-12.5-32.75 0-45.25L242.8 256L73.38 86.63c-12.5-12.5-12.5-32.75 0-45.25s32.75-12.5 45.25 0l192 192c12.5 12.5 12.5 32.75 0 45.25l-192 192C112.4 476.9 104.2 480 96 480z\"><\/path><\/svg><\/span><span class=\"uagb-icon-list__label\">Moderni i udobni apartmani<\/span><\/div>\n\n\n\n<div class=\"wp-block-uagb-icon-list-child uagb-block-8117efda\"><span class=\"uagb-icon-list__source-wrap\"><svg xmlns=\"https:\/\/www.w3.org\/2000\/svg\" viewbox=\"0 0 320 512\"><path d=\"M96 480c-8.188 0-16.38-3.125-22.62-9.375c-12.5-12.5-12.5-32.75 0-45.25L242.8 256L73.38 86.63c-12.5-12.5-12.5-32.75 0-45.25s32.75-12.5 45.25 0l192 192c12.5 12.5 12.5 32.75 0 45.25l-192 192C112.4 476.9 104.2 480 96 480z\"><\/path><\/svg><\/span><span class=\"uagb-icon-list__label\">Opu\u0161taju\u0107e iskustvo uz bazen<\/span><\/div>\n\n\n\n<div class=\"wp-block-uagb-icon-list-child uagb-block-45d49624\"><span class=\"uagb-icon-list__source-wrap\"><svg xmlns=\"https:\/\/www.w3.org\/2000\/svg\" viewbox=\"0 0 320 512\"><path d=\"M96 480c-8.188 0-16.38-3.125-22.62-9.375c-12.5-12.5-12.5-32.75 0-45.25L242.8 256L73.38 86.63c-12.5-12.5-12.5-32.75 0-45.25s32.75-12.5 45.25 0l192 192c12.5 12.5 12.5 32.75 0 45.25l-192 192C112.4 476.9 104.2 480 96 480z\"><\/path><\/svg><\/span><span class=\"uagb-icon-list__label\">Blizu lokalnih atrakcija<\/span><\/div>\n<\/div><\/div>\n<\/div>\n\n\n\n<div class=\"wp-block-uagb-container uagb-block-5ec21076\">\n<div class=\"wp-block-uagb-container uagb-block-8c32ad9f\">\n<div class=\"wp-block-uagb-image aligncenter uagb-block-d0d08f49 wp-block-uagb-image--layout-default wp-block-uagb-image--effect-static wp-block-uagb-image--align-center\"><figure class=\"wp-block-uagb-image__figure\"><img decoding=\"async\" srcset=\"https:\/\/apartmentsmare.com\/wp-content\/uploads\/2025\/11\/466102599.jpg ,https:\/\/apartmentsmare.com\/wp-content\/uploads\/2025\/11\/466102599.jpg 780w, https:\/\/apartmentsmare.com\/wp-content\/uploads\/2025\/11\/466102599.jpg 360w\" sizes=\"auto, (max-width: 480px) 150px\" src=\"https:\/\/apartmentsmare.com\/wp-content\/uploads\/2025\/11\/466102599.jpg\" alt=\"466102599\" class=\"uag-image-2434\" width=\"253\" height=\"256\" title=\"466102599\" loading=\"lazy\" role=\"img\"\/><\/figure><\/div>\n\n\n\n<div class=\"wp-block-uagb-advanced-heading uagb-block-b1633a99\"><p class=\"uagb-desc-text\">Iznimno gostoprimstvo<\/p><\/div>\n<\/div>\n\n\n\n<div class=\"wp-block-uagb-container uagb-block-bae73cbe\">\n<div class=\"wp-block-uagb-image aligncenter uagb-block-56f0ac27 wp-block-uagb-image--layout-default wp-block-uagb-image--effect-static wp-block-uagb-image--align-center\"><figure class=\"wp-block-uagb-image__figure\"><img decoding=\"async\" srcset=\"https:\/\/apartmentsmare.com\/wp-content\/uploads\/2025\/11\/773310051.jpg ,https:\/\/apartmentsmare.com\/wp-content\/uploads\/2025\/11\/773310051.jpg 780w, https:\/\/apartmentsmare.com\/wp-content\/uploads\/2025\/11\/773310051.jpg 360w\" sizes=\"auto, (max-width: 480px) 150px\" src=\"https:\/\/apartmentsmare.com\/wp-content\/uploads\/2025\/11\/773310051.jpg\" alt=\"773310051\" class=\"uag-image-2436\" width=\"253\" height=\"256\" title=\"773310051\" loading=\"lazy\" role=\"img\"\/><\/figure><\/div>\n\n\n\n<div class=\"wp-block-uagb-advanced-heading uagb-block-dc14e412\"><p class=\"uagb-desc-text\">Slikovita lokacija<\/p><\/div>\n<\/div>\n\n\n\n<div class=\"wp-block-uagb-container uagb-block-b1cd842c\">\n<div class=\"wp-block-uagb-image uagb-block-8a150949 wp-block-uagb-image--layout-default wp-block-uagb-image--effect-static wp-block-uagb-image--align-none\"><figure class=\"wp-block-uagb-image__figure\"><img decoding=\"async\" srcset=\"https:\/\/apartmentsmare.com\/wp-content\/uploads\/2025\/11\/screenshot-2025-11-06-123933.jpg ,https:\/\/apartmentsmare.com\/wp-content\/uploads\/2025\/11\/screenshot-2025-11-06-123933.jpg 780w, https:\/\/apartmentsmare.com\/wp-content\/uploads\/2025\/11\/screenshot-2025-11-06-123933.jpg 360w\" sizes=\"auto, (max-width: 480px) 150px\" src=\"https:\/\/apartmentsmare.com\/wp-content\/uploads\/2025\/11\/screenshot-2025-11-06-123933.jpg\" alt=\"screenshot-2025-11-06-123933\" class=\"uag-image-2128\" width=\"253\" height=\"256\" title=\"\" loading=\"lazy\" role=\"img\"\/><\/figure><\/div>\n\n\n\n<div class=\"wp-block-uagb-advanced-heading uagb-block-5a24e363\"><p class=\"uagb-desc-text\">Pristupa\u010dan luksuz<\/p><\/div>\n<\/div>\n\n\n\n<div class=\"wp-block-uagb-container uagb-block-986ec342\">\n<div class=\"wp-block-uagb-image uagb-block-24f5cfd0 wp-block-uagb-image--layout-default wp-block-uagb-image--effect-static wp-block-uagb-image--align-none\"><figure class=\"wp-block-uagb-image__figure\"><img decoding=\"async\" srcset=\"https:\/\/apartmentsmare.com\/wp-content\/uploads\/2025\/11\/555364022.jpg ,https:\/\/apartmentsmare.com\/wp-content\/uploads\/2025\/11\/555364022.jpg 780w, https:\/\/apartmentsmare.com\/wp-content\/uploads\/2025\/11\/555364022.jpg 360w\" sizes=\"auto, (max-width: 480px) 150px\" src=\"https:\/\/apartmentsmare.com\/wp-content\/uploads\/2025\/11\/555364022.jpg\" alt=\"555364022\" class=\"uag-image-2435\" width=\"253\" height=\"256\" title=\"555364022\" loading=\"lazy\" role=\"img\"\/><\/figure><\/div>\n\n\n\n<div class=\"wp-block-uagb-advanced-heading uagb-block-e50e4974\"><p class=\"uagb-desc-text\">Pristupa\u010dan luksuz<\/p><\/div>\n<\/div>\n<\/div>\n<\/div><\/div>\n\n\n\n<div class=\"wp-block-uagb-container uagb-block-594ea4a3 alignfull uagb-is-root-container\"><div class=\"uagb-container-inner-blocks-wrap\">\n<div class=\"wp-block-uagb-info-box uagb-block-a004c0c4 uagb-infobox__content-wrap  uagb-infobox-icon-above-title uagb-infobox-image-valign-top wp-block-uagb-info-box--has-margin\"><div class=\"uagb-infobox-margin-wrapper\"><div class=\"uagb-ifb-content\"><div class=\"uagb-ifb-title-wrap\"><span class=\"uagb-ifb-title-prefix\">\u0160to ka\u017eu na\u0161i gosti<\/span><h2 class=\"uagb-ifb-title\">\u010cujte od na\u0161ih zadovoljnih gostiju<\/h2><\/div><\/div><\/div><\/div>\n\n\n\n<div class=\"wp-block-uagb-container uagb-block-97a980c6\">\n<div class=\"wp-block-uagb-container uagb-block-cc39b277\">\n<div class=\"wp-block-uagb-star-rating uagb-block-c7eda90e\"><div class=\"uag-star-rating\" title=\"5\/5\"><span class=\"uag-star\">\u2605<\/span><span class=\"uag-star\">\u2605<\/span><span class=\"uag-star\">\u2605<\/span><span class=\"uag-star\">\u2605<\/span><span class=\"uag-star\">\u2605<\/span><\/div><\/div>\n\n\n\n<div class=\"wp-block-uagb-testimonial uagb-slick-carousel uagb-tm__arrow-outside uagb-block-5009f5b9 uagb-post__carousel_notset uagb-post__carousel_notset-tablet uagb-post__carousel_notset-mobile\"><div class=\"is-carousel uagb-tm__columns-1 uagb-tm__items\"><div class=\"uagb-testimonial__wrap  uagb-tm__imgicon-style-circle uagb-tm__image-position-bottom uagb-tm__bg-type-none\"><div class=\"uagb-tm__content\"><div class=\"uagb-tm__overlay\"><\/div><div class=\"uagb-tm__text-wrap\"><div class=\"uagb-tm__desc\"><br>Izvrsna usluga. Ljubazno osoblje, potpuna udobnost i pristupa\u010dne cijene.<\/div><div class=\"uagb-tm__meta-inner\"><div class=\"uagb-testimonial-details\"><span class=\"uagb-tm__author-name\">Nenad Jedrej\u010di\u0107<\/span><span class=\"uagb-tm__company\"><\/span><\/div><\/div><\/div><\/div><\/div><\/div><\/div>\n<\/div>\n\n\n\n<div class=\"wp-block-uagb-container uagb-block-803378fe\">\n<div class=\"wp-block-uagb-star-rating uagb-block-7789cf8c\"><div class=\"uag-star-rating\" title=\"5\/5\"><span class=\"uag-star\">\u2605<\/span><span class=\"uag-star\">\u2605<\/span><span class=\"uag-star\">\u2605<\/span><span class=\"uag-star\">\u2605<\/span><span class=\"uag-star\">\u2605<\/span><\/div><\/div>\n\n\n\n<div class=\"wp-block-uagb-testimonial uagb-slick-carousel uagb-tm__arrow-outside uagb-block-35cd3aef uagb-post__carousel_notset uagb-post__carousel_notset-tablet uagb-post__carousel_notset-mobile\"><div class=\"is-carousel uagb-tm__columns-1 uagb-tm__items\"><div class=\"uagb-testimonial__wrap  uagb-tm__imgicon-style-circle uagb-tm__image-position-bottom uagb-tm__bg-type-none\"><div class=\"uagb-tm__content\"><div class=\"uagb-tm__overlay\"><\/div><div class=\"uagb-tm__text-wrap\"><div class=\"uagb-tm__desc\">Vrlo ljubazno osoblje, vrlo \u010dist bazen, bili smo jako zadovoljni.<\/div><div class=\"uagb-tm__meta-inner\"><div class=\"uagb-testimonial-details\"><span class=\"uagb-tm__author-name\">Anke Nick<\/span><span class=\"uagb-tm__company\"><\/span><\/div><\/div><\/div><\/div><\/div><\/div><\/div>\n<\/div>\n\n\n\n<div class=\"wp-block-uagb-container uagb-block-af1aa8c6\">\n<div class=\"wp-block-uagb-star-rating uagb-block-302899a7\"><div class=\"uag-star-rating\" title=\"5\/5\"><span class=\"uag-star\">\u2605<\/span><span class=\"uag-star\">\u2605<\/span><span class=\"uag-star\">\u2605<\/span><span class=\"uag-star\">\u2605<\/span><span class=\"uag-star\">\u2605<\/span><\/div><\/div>\n\n\n\n<div class=\"wp-block-uagb-testimonial uagb-slick-carousel uagb-tm__arrow-outside uagb-block-0b29d2f6 uagb-post__carousel_notset uagb-post__carousel_notset-tablet uagb-post__carousel_notset-mobile\"><div class=\"is-carousel uagb-tm__columns-1 uagb-tm__items\"><div class=\"uagb-testimonial__wrap  uagb-tm__imgicon-style-circle uagb-tm__image-position-bottom uagb-tm__bg-type-none\"><div class=\"uagb-tm__content\"><div class=\"uagb-tm__overlay\"><\/div><div class=\"uagb-tm__text-wrap\"><div class=\"uagb-tm__desc\">Najbolji, najtopliji, naj\u010di\u0161\u0107i, a vlasnik je na otoku Krku.<\/div><div class=\"uagb-tm__meta-inner\"><div class=\"uagb-testimonial-details\"><span class=\"uagb-tm__author-name\">Snje\u017eana Margiti\u0107<\/span><span class=\"uagb-tm__company\"><\/span><\/div><\/div><\/div><\/div><\/div><\/div><\/div>\n<\/div>\n<\/div>\n<\/div><\/div>\n\n\n\n<div class=\"wp-block-uagb-container uagb-block-01233b1d alignfull uagb-is-root-container\"><div class=\"uagb-container-inner-blocks-wrap\">\n<div class=\"wp-block-uagb-info-box uagb-block-d6296cb9 uagb-infobox__content-wrap  uagb-infobox-icon-above-title uagb-infobox-image-valign-top\"><div class=\"uagb-ifb-content\"><div class=\"uagb-ifb-title-wrap\"><span class=\"uagb-ifb-title-prefix\">Ne propustite!<\/span><h2 class=\"uagb-ifb-title\">Rezervirajte svoj odmor iz snova u Apartmanima Mare ve\u0107 danas!<\/h2><\/div><\/div><\/div>\n\n\n\n<div class=\"wp-block-uagb-buttons uagb-buttons__outer-wrap uagb-btn__default-btn uagb-btn-tablet__default-btn uagb-btn-mobile__default-btn uagb-block-0e23ee78\"><div class=\"uagb-buttons__wrap uagb-buttons-layout-wrap\">\n<div class=\"wp-block-uagb-buttons-child uagb-buttons__outer-wrap uagb-block-6cb20356 wp-block-button\"><div class=\"uagb-button__wrapper\"><a class=\"uagb-buttons-repeater ast-outline-button\" aria-label=\"\" style=\"border-width:revert-layer\" href=\"\/hr\/contact\/\" rel=\"follow noopener\" target=\"_self\"><div class=\"uagb-button__link\">Rezervirajte svoj boravak<\/div><\/a><\/div><\/div>\n<\/div><\/div>\n<\/div><\/div>","protected":false},"excerpt":{"rendered":"<p>02 One-Bedroom Apartment A bright and spacious one-bedroom apartment designed for comfort and relaxation. Ideal for couples or small families [&hellip;]<\/p>","protected":false},"author":6,"featured_media":0,"parent":0,"menu_order":0,"comment_status":"closed","ping_status":"closed","template":"","meta":{"_uag_custom_page_level_css":"","site-sidebar-layout":"no-sidebar","site-content-layout":"","ast-site-content-layout":"full-width-container","site-content-style":"boxed","site-sidebar-style":"default","ast-global-header-display":"","ast-banner-title-visibility":"","ast-main-header-display":"","ast-hfb-above-header-display":"","ast-hfb-below-header-display":"","ast-hfb-mobile-header-display":"","site-post-title":"disabled","ast-breadcrumbs-content":"","ast-featured-img":"","footer-sml-layout":"","ast-disable-related-posts":"","theme-transparent-header-meta":"enabled","adv-header-id-meta":"","stick-header-meta":"","header-above-stick-meta":"","header-main-stick-meta":"","header-below-stick-meta":"","astra-migrate-meta-layouts":"default","ast-page-background-enabled":"default","ast-page-background-meta":{"desktop":{"background-color":"var(--ast-global-color-4)","background-image":"","background-repeat":"repeat","background-position":"center center","background-size":"auto","background-attachment":"scroll","background-type":"","background-media":"","overlay-type":"","overlay-color":"","overlay-opacity":"","overlay-gradient":""},"tablet":{"background-color":"","background-image":"","background-repeat":"repeat","background-position":"center center","background-size":"auto","background-attachment":"scroll","background-type":"","background-media":"","overlay-type":"","overlay-color":"","overlay-opacity":"","overlay-gradient":""},"mobile":{"background-color":"","background-image":"","background-repeat":"repeat","background-position":"center center","background-size":"auto","background-attachment":"scroll","background-type":"","background-media":"","overlay-type":"","overlay-color":"","overlay-opacity":"","overlay-gradient":""}},"ast-content-background-meta":{"desktop":{"background-color":"var(--ast-global-color-5)","background-image":"","background-repeat":"repeat","background-position":"center center","background-size":"auto","background-attachment":"scroll","background-type":"","background-media":"","overlay-type":"","overlay-color":"","overlay-opacity":"","overlay-gradient":""},"tablet":{"background-color":"var(--ast-global-color-5)","background-image":"","background-repeat":"repeat","background-position":"center center","background-size":"auto","background-attachment":"scroll","background-type":"","background-media":"","overlay-type":"","overlay-color":"","overlay-opacity":"","overlay-gradient":""},"mobile":{"background-color":"var(--ast-global-color-5)","background-image":"","background-repeat":"repeat","background-position":"center center","background-size":"auto","background-attachment":"scroll","background-type":"","background-media":"","overlay-type":"","overlay-color":"","overlay-opacity":"","overlay-gradient":""}},"footnotes":""},"class_list":["post-9","page","type-page","status-publish","hentry"],"uagb_featured_image_src":{"full":false,"thumbnail":false,"medium":false,"medium_large":false,"large":false,"1536x1536":false,"2048x2048":false,"trp-custom-language-flag":false},"uagb_author_info":{"display_name":"brapehhb7sd3","author_link":"https:\/\/apartmentsmare.com\/hr\/author\/brapehhb7sd3\/"},"uagb_comment_info":0,"uagb_excerpt":"02 One-Bedroom Apartment A bright and spacious one-bedroom apartment designed for comfort and relaxation. Ideal for couples or small families [&hellip;]","_links":{"self":[{"href":"https:\/\/apartmentsmare.com\/hr\/wp-json\/wp\/v2\/pages\/9","targetHints":{"allow":["GET"]}}],"collection":[{"href":"https:\/\/apartmentsmare.com\/hr\/wp-json\/wp\/v2\/pages"}],"about":[{"href":"https:\/\/apartmentsmare.com\/hr\/wp-json\/wp\/v2\/types\/page"}],"author":[{"embeddable":true,"href":"https:\/\/apartmentsmare.com\/hr\/wp-json\/wp\/v2\/users\/6"}],"replies":[{"embeddable":true,"href":"https:\/\/apartmentsmare.com\/hr\/wp-json\/wp\/v2\/comments?post=9"}],"version-history":[{"count":156,"href":"https:\/\/apartmentsmare.com\/hr\/wp-json\/wp\/v2\/pages\/9\/revisions"}],"predecessor-version":[{"id":2478,"href":"https:\/\/apartmentsmare.com\/hr\/wp-json\/wp\/v2\/pages\/9\/revisions\/2478"}],"wp:attachment":[{"href":"https:\/\/apartmentsmare.com\/hr\/wp-json\/wp\/v2\/media?parent=9"}],"curies":[{"name":"wp","href":"https:\/\/api.w.org\/{rel}","templated":true}]}}